{"id":249,"date":"2020-07-29T11:34:48","date_gmt":"2020-07-29T11:34:48","guid":{"rendered":"https:\/\/www.lapra.ch\/staging\/?page_id=249"},"modified":"2022-08-08T12:52:50","modified_gmt":"2022-08-08T10:52:50","slug":"sopra","status":"publish","type":"page","link":"https:\/\/lapra.ch\/index.php\/sopra\/","title":{"rendered":"SOPRA"},"content":{"rendered":"\n<p><\/p>\n\n\n\n<h4 class=\"wp-block-heading\">Die &#171;Solargenossenschaft Pratteln (SOPRA)&#187; bezweckt auf gemeinn\u00fctziger Basis die dezentrale Stromversorgung f\u00fcr die Betreibung von Ger\u00e4ten, welche auf elektrische Energie angewiesen sind, teilweise sicherzustellen.<\/h4>\n\n\n\n<h4 class=\"wp-block-heading\">Den Bau und Betrieb von Sonnenenergieanlagen, zum Beispiel Photovoltaikanlagen zur Einspeisung in das \u00f6ffentliche Elektrizit\u00e4tsnetz, von Solarstromanlagen f\u00fcr die Stromversorgung im Netzverbund, von solaren Warmwasseraufbereitungsanlagen und \u00e4hnlichen Anlagen mit Hauptenergiequelle Sonne.<\/h4>\n\n\n\n<div class=\"wp-block-buttons is-layout-flex wp-block-buttons-is-layout-flex\">\n<div class=\"wp-block-button\"><a class=\"wp-block-button__link has-luminous-vivid-amber-background-color has-text-color has-background\" href=\"https:\/\/sopra.lapra.ch\/\" style=\"color:#090909\" target=\"_blank\" rel=\"noreferrer noopener\">Weiter zur SOPRA Homepage<\/a><\/div>\n<\/div>\n\n\n\n<p><\/p>\n","protected":false},"excerpt":{"rendered":"<p>Die &#171;Solargenossenschaft Pratteln (SOPRA)&#187; bezweckt auf gemeinn\u00fctziger Basis die dezentrale Stromversorgung f\u00fcr die Betreibung von Ger\u00e4ten, welche auf elektrische Energie angewiesen sind, teilweise sicherzustellen. Den Bau und Betrieb von Sonnenenergieanlagen, zum Beispiel Photovoltaikanlagen zur Einspeisung in das \u00f6ffentliche Elektrizit\u00e4tsnetz, von Solarstromanlagen f\u00fcr die Stromversorgung im Netzverbund, von solaren Warmwasseraufbereitungsanlagen und \u00e4hnlichen Anlagen mit Hauptenergiequelle Sonne.<\/p>\n","protected":false},"author":1,"featured_media":0,"parent":0,"menu_order":0,"comment_status":"closed","ping_status":"closed","template":"","meta":{"footnotes":""},"class_list":["post-249","page","type-page","status-publish","hentry"],"_links":{"self":[{"href":"https:\/\/lapra.ch\/index.php\/wp-json\/wp\/v2\/pages\/249","targetHints":{"allow":["GET"]}}],"collection":[{"href":"https:\/\/lapra.ch\/index.php\/wp-json\/wp\/v2\/pages"}],"about":[{"href":"https:\/\/lapra.ch\/index.php\/wp-json\/wp\/v2\/types\/page"}],"author":[{"embeddable":true,"href":"https:\/\/lapra.ch\/index.php\/wp-json\/wp\/v2\/users\/1"}],"replies":[{"embeddable":true,"href":"https:\/\/lapra.ch\/index.php\/wp-json\/wp\/v2\/comments?post=249"}],"version-history":[{"count":13,"href":"https:\/\/lapra.ch\/index.php\/wp-json\/wp\/v2\/pages\/249\/revisions"}],"predecessor-version":[{"id":301,"href":"https:\/\/lapra.ch\/index.php\/wp-json\/wp\/v2\/pages\/249\/revisions\/301"}],"wp:attachment":[{"href":"https:\/\/lapra.ch\/index.php\/wp-json\/wp\/v2\/media?parent=249"}],"curies":[{"name":"wp","href":"https:\/\/api.w.org\/{rel}","templated":true}]}}